{"id":1985,"date":"2019-11-21T21:20:23","date_gmt":"2019-11-21T20:20:23","guid":{"rendered":"https:\/\/einfach-russisch.de\/widerrufsbelehrung\/"},"modified":"2024-03-24T10:42:51","modified_gmt":"2024-03-24T09:42:51","slug":"widerrufsbelehrung","status":"publish","type":"page","link":"https:\/\/www.einfach-russisch.de\/ru\/widerrufsbelehrung\/","title":{"rendered":"Widerrufsbelehrung"},"content":{"rendered":"\t\t<div data-elementor-type=\"wp-page\" data-elementor-id=\"1985\" class=\"elementor elementor-1985 elementor-778\" data-elementor-post-type=\"page\">\n\t\t\t\t\t\t<section class=\"elementor-section elementor-top-section elementor-element elementor-element-a8b2925 elementor-section-boxed elementor-section-height-default elementor-section-height-default\" data-id=\"a8b2925\" data-element_type=\"section\" data-settings=\"{&quot;background_background&quot;:&quot;classic&quot;}\">\n\t\t\t\t\t\t<div class=\"elementor-container elementor-column-gap-default\">\n\t\t\t\t\t<div class=\"elementor-column elementor-col-100 elementor-top-column elementor-element elementor-element-9087cac\" data-id=\"9087cac\" data-element_type=\"column\">\n\t\t\t<div class=\"elementor-widget-wrap elementor-element-populated\">\n\t\t\t\t\t\t<div class=\"elementor-element elementor-element-feb1594 elementor-widget elementor-widget-heading\" data-id=\"feb1594\" data-element_type=\"widget\" data-widget_type=\"heading.default\">\n\t\t\t\t<div class=\"elementor-widget-container\">\n\t\t\t\t\t<h1 class=\"elementor-heading-title elementor-size-default\">Widerrufsbelehrung<\/h1>\t\t\t\t<\/div>\n\t\t\t\t<\/div>\n\t\t\t\t\t<\/div>\n\t\t<\/div>\n\t\t\t\t\t<\/div>\n\t\t<\/section>\n\t\t\t\t<section class=\"elementor-section elementor-top-section elementor-element elementor-element-74f49f9 elementor-section-boxed elementor-section-height-default elementor-section-height-default\" data-id=\"74f49f9\" data-element_type=\"section\">\n\t\t\t\t\t\t<div class=\"elementor-container elementor-column-gap-default\">\n\t\t\t\t\t<div class=\"elementor-column elementor-col-100 elementor-top-column elementor-element elementor-element-10a5029\" data-id=\"10a5029\" data-element_type=\"column\">\n\t\t\t<div class=\"elementor-widget-wrap elementor-element-populated\">\n\t\t\t\t\t\t<div class=\"elementor-element elementor-element-724ed48 elementor-widget elementor-widget-heading\" data-id=\"724ed48\" data-element_type=\"widget\" data-widget_type=\"heading.default\">\n\t\t\t\t<div class=\"elementor-widget-container\">\n\t\t\t\t\t<h2 class=\"elementor-heading-title elementor-size-default\">Widerrufsrecht f\u00fcr Verbraucher<\/h2>\t\t\t\t<\/div>\n\t\t\t\t<\/div>\n\t\t\t\t<div class=\"elementor-element elementor-element-d253ef5 elementor-widget elementor-widget-text-editor\" data-id=\"d253ef5\" data-element_type=\"widget\" data-widget_type=\"text-editor.default\">\n\t\t\t\t<div class=\"elementor-widget-container\">\n\t\t\t\t\t\t\t\t\t<p>(Verbraucher ist jede nat\u00fcrliche Person, die ein Rechtsgesch\u00e4ft zu Zwecken abschlie\u00dft, die \u00fcberwiegend weder ihrer gewerblichen noch ihrer selbstst\u00e4ndigen beruflichen T\u00e4tigkeit zugerechnet werden kann.)<\/p>\n\t\t\t\t\t\t\t\t<\/div>\n\t\t\t\t<\/div>\n\t\t\t\t<div class=\"elementor-element elementor-element-47bf9f4 elementor-widget elementor-widget-heading\" data-id=\"47bf9f4\" data-element_type=\"widget\" data-widget_type=\"heading.default\">\n\t\t\t\t<div class=\"elementor-widget-container\">\n\t\t\t\t\t<h3 class=\"elementor-heading-title elementor-size-default\">Widerrufsbelehrung<\/h3>\t\t\t\t<\/div>\n\t\t\t\t<\/div>\n\t\t\t\t<div class=\"elementor-element elementor-element-53e254f elementor-widget elementor-widget-heading\" data-id=\"53e254f\" data-element_type=\"widget\" data-widget_type=\"heading.default\">\n\t\t\t\t<div class=\"elementor-widget-container\">\n\t\t\t\t\t<h4 class=\"elementor-heading-title elementor-size-default\">Widerrufsrecht<\/h4>\t\t\t\t<\/div>\n\t\t\t\t<\/div>\n\t\t\t\t<div class=\"elementor-element elementor-element-aeb7bff elementor-widget elementor-widget-text-editor\" data-id=\"aeb7bff\" data-element_type=\"widget\" data-widget_type=\"text-editor.default\">\n\t\t\t\t<div class=\"elementor-widget-container\">\n\t\t\t\t\t\t\t\t\t<p style=\"text-align: justify;\">Sie haben das Recht, binnen vierzehn Tagen ohne Angabe von Gr\u00fcnden diesen Vertrag zu widerrufen.<br \/>Die Widerrufsfrist betr\u00e4gt vierzehn Tage ab dem Tag des Vertragsabschlusses.<\/p><p style=\"text-align: justify;\">Um Ihr Widerrufsrecht auszu\u00fcben, m\u00fcssen Sie uns (Benjamin Bode, Riedgrasweg 16, 30855 Langenhagen, Telefonnummer: +49 (0) 157 8931 9577, E-Mail-Adresse: info@einfach-russisch.de) mittels einer eindeutigen Erkl\u00e4rung (z.B. ein mit der Post versandter Brief, Telefax oder E-Mail) \u00fcber Ihren Entschluss, diesen Vertrag zu widerrufen, informieren. Sie k\u00f6nnen daf\u00fcr das beigef\u00fcgte Muster-Widerrufsformular verwenden, das jedoch nicht vorgeschrieben ist.<\/p><p style=\"text-align: justify;\">Zur Wahrung der Widerrufsfrist reicht es aus, dass Sie die Mitteilung \u00fcber die Aus\u00fcbung des Widerrufsrechts vor Ablauf der Widerrufsfrist absenden.<\/p>\t\t\t\t\t\t\t\t<\/div>\n\t\t\t\t<\/div>\n\t\t\t\t<div class=\"elementor-element elementor-element-34e16da elementor-widget elementor-widget-heading\" data-id=\"34e16da\" data-element_type=\"widget\" data-widget_type=\"heading.default\">\n\t\t\t\t<div class=\"elementor-widget-container\">\n\t\t\t\t\t<h4 class=\"elementor-heading-title elementor-size-default\">Folgen des Widerrufs<\/h4>\t\t\t\t<\/div>\n\t\t\t\t<\/div>\n\t\t\t\t<div class=\"elementor-element elementor-element-3a71548 elementor-widget elementor-widget-text-editor\" data-id=\"3a71548\" data-element_type=\"widget\" data-widget_type=\"text-editor.default\">\n\t\t\t\t<div class=\"elementor-widget-container\">\n\t\t\t\t\t\t\t\t\t<p style=\"text-align: justify;\">Wenn Sie diesen Vertrag widerrufen, haben wir Ihnen alle Zahlungen, die wir von Ihnen erhalten haben, einschlie\u00dflich der Lieferkosten (mit Ausnahme der zus\u00e4tzlichen Kosten, die sich daraus ergeben, dass Sie eine andere Art der Lieferung als die von uns angebotene, g\u00fcnstigste Standardlieferung gew\u00e4hlt haben), unverz\u00fcglich und sp\u00e4testens binnen vierzehn Tagen ab dem Tag zur\u00fcckzuzahlen, an dem die Mitteilung \u00fcber Ihren Widerruf dieses Vertrags bei uns eingegangen ist. F\u00fcr diese R\u00fcckzahlung verwenden wir dasselbe Zahlungsmittel, das Sie bei der urspr\u00fcnglichen Transaktion eingesetzt haben, es sei denn, mit Ihnen wurde ausdr\u00fccklich etwas anderes vereinbart; in keinem Fall werden Ihnen wegen dieser R\u00fcckzahlung Entgelte berechnet.<\/p>\n<p style=\"text-align: justify;\">Haben Sie verlangt, dass die Dienstleistungen w\u00e4hrend der Widerrufsfrist beginnen sollen, so haben Sie uns einen angemessenen Betrag zu zahlen, der dem Anteil der bis zu dem Zeitpunkt, zu dem Sie uns von der Aus\u00fcbung des Widerrufsrechts hinsichtlich dieses Vertrags unterrichten, bereits erbrachten Dienstleistungen im Vergleich zum Gesamtumfang der im Vertrag vorgesehenen Dienstleistungen entspricht.<\/p>\n\t\t\t\t\t\t\t\t<\/div>\n\t\t\t\t<\/div>\n\t\t\t\t<div class=\"elementor-element elementor-element-e3c9f14 elementor-widget elementor-widget-heading\" data-id=\"e3c9f14\" data-element_type=\"widget\" data-widget_type=\"heading.default\">\n\t\t\t\t<div class=\"elementor-widget-container\">\n\t\t\t\t\t<h4 class=\"elementor-heading-title elementor-size-default\">Erl\u00f6schensgr\u00fcnde<\/h4>\t\t\t\t<\/div>\n\t\t\t\t<\/div>\n\t\t\t\t<div class=\"elementor-element elementor-element-70bdb86 elementor-widget elementor-widget-text-editor\" data-id=\"70bdb86\" data-element_type=\"widget\" data-widget_type=\"text-editor.default\">\n\t\t\t\t<div class=\"elementor-widget-container\">\n\t\t\t\t\t\t\t\t\t<p style=\"text-align: justify;\">Das Widerrufsrecht erlischt bei einem Vertrag zur Erbringung von Dienstleistungen, wenn der Unternehmer die Dienstleistung vollst\u00e4ndig erbracht hat und mit der Ausf\u00fchrung der Dienstleistung erst begonnen hat, nachdem der Verbraucher dazu seine ausdr\u00fcckliche Zustimmung gegeben hat und gleichzeitig seine Kenntnis davon best\u00e4tigt hat, dass er sein Widerrufsrecht bei vollst\u00e4ndiger Vertragserf\u00fcllung durch den Unternehmer verliert.<\/p>\n\t\t\t\t\t\t\t\t<\/div>\n\t\t\t\t<\/div>\n\t\t\t\t<div class=\"elementor-element elementor-element-ea08fba elementor-widget elementor-widget-spacer\" data-id=\"ea08fba\" data-element_type=\"widget\" data-widget_type=\"spacer.default\">\n\t\t\t\t<div class=\"elementor-widget-container\">\n\t\t\t\t\t\t\t<div class=\"elementor-spacer\">\n\t\t\t<div class=\"elementor-spacer-inner\"><\/div>\n\t\t<\/div>\n\t\t\t\t\t\t<\/div>\n\t\t\t\t<\/div>\n\t\t\t\t<div class=\"elementor-element elementor-element-093709b elementor-widget elementor-widget-heading\" data-id=\"093709b\" data-element_type=\"widget\" data-widget_type=\"heading.default\">\n\t\t\t\t<div class=\"elementor-widget-container\">\n\t\t\t\t\t<h2 class=\"elementor-heading-title elementor-size-default\">Muster-Widerrufsformular<\/h2>\t\t\t\t<\/div>\n\t\t\t\t<\/div>\n\t\t\t\t<div class=\"elementor-element elementor-element-cd15e1b elementor-widget elementor-widget-text-editor\" data-id=\"cd15e1b\" data-element_type=\"widget\" data-widget_type=\"text-editor.default\">\n\t\t\t\t<div class=\"elementor-widget-container\">\n\t\t\t\t\t\t\t\t\t<p>(Wenn Sie den Vertrag widerrufen wollen, dann f\u00fcllen Sie bitte dieses Formular aus und senden Sie es zur\u00fcck.)<\/p><p>\u2013 An<\/p><p>Benjamin Bode<br \/>Riedgrasweg 16<br \/>30855 Langenhagen<br \/>Tel.: 01577 4607977<br \/>E-Mail-Adresse: info@einfach-russisch.de<\/p><p>\u2013 Hiermit widerrufe(n) ich\/wir (*) den von mir\/uns (*) abgeschlossenen Vertrag \u00fcber den Kauf der folgenden Waren (*)\/ die Erbringung der folgenden Dienstleistung (*)<\/p><p>\u2013 Bestellt am (*)\/erhalten am (*)<\/p><p>\u2013 Name des\/der Verbraucher(s)<\/p><p>\u2013 Anschrift des\/der Verbraucher(s)<\/p><p>\u2013 Unterschrift des\/der Verbraucher(s) (nur bei Mitteilung auf Papier)<\/p><p>\u2013 Datum<\/p><p>(*) Unzutreffendes streichen.<\/p>\t\t\t\t\t\t\t\t<\/div>\n\t\t\t\t<\/div>\n\t\t\t\t\t<\/div>\n\t\t<\/div>\n\t\t\t\t\t<\/div>\n\t\t<\/section>\n\t\t\t\t<\/div>\n\t\t","protected":false},"excerpt":{"rendered":"<p>Widerrufsbelehrung Widerrufsrecht f\u00fcr Verbraucher (Verbraucher ist jede nat\u00fcrliche Person, die ein Rechtsgesch\u00e4ft zu Zwecken abschlie\u00dft, die \u00fcberwiegend weder ihrer gewerblichen noch ihrer selbstst\u00e4ndigen beruflichen T\u00e4tigkeit zugerechnet werden kann.) Widerrufsbelehrung Widerrufsrecht Sie haben das Recht, binnen vierzehn Tagen ohne Angabe von Gr\u00fcnden diesen Vertrag zu widerrufen.Die Widerrufsfrist betr\u00e4gt vierzehn Tage ab dem Tag des Vertragsabschlusses. Um [&hellip;]<\/p>\n","protected":false},"author":1,"featured_media":0,"parent":0,"menu_order":0,"comment_status":"closed","ping_status":"closed","template":"","meta":{"footnotes":""},"class_list":["post-1985","page","type-page","status-publish","hentry"],"yoast_head":"<!-- This site is optimized with the Yoast SEO plugin v26.0 - https:\/\/yoast.com\/wordpress\/plugins\/seo\/ -->\n<title>Widerrufsbelehrung - Einfach Russisch<\/title>\n<meta name=\"robots\" content=\"noindex, nofollow\" \/>\n<meta property=\"og:locale\" content=\"ru_RU\" \/>\n<meta property=\"og:type\" content=\"article\" \/>\n<meta property=\"og:title\" content=\"Widerrufsbelehrung - Einfach Russisch\" \/>\n<meta property=\"og:description\" content=\"Widerrufsbelehrung Widerrufsrecht f\u00fcr Verbraucher (Verbraucher ist jede nat\u00fcrliche Person, die ein Rechtsgesch\u00e4ft zu Zwecken abschlie\u00dft, die \u00fcberwiegend weder ihrer gewerblichen noch ihrer selbstst\u00e4ndigen beruflichen T\u00e4tigkeit zugerechnet werden kann.) Widerrufsbelehrung Widerrufsrecht Sie haben das Recht, binnen vierzehn Tagen ohne Angabe von Gr\u00fcnden diesen Vertrag zu widerrufen.Die Widerrufsfrist betr\u00e4gt vierzehn Tage ab dem Tag des Vertragsabschlusses. Um [&hellip;]\" \/>\n<meta property=\"og:url\" content=\"https:\/\/www.einfach-russisch.de\/ru\/widerrufsbelehrung\/\" \/>\n<meta property=\"og:site_name\" content=\"Einfach Russisch\" \/>\n<meta property=\"article:publisher\" content=\"https:\/\/www.facebook.com\/EinfachRussisch\/\" \/>\n<meta property=\"article:modified_time\" content=\"2024-03-24T09:42:51+00:00\" \/>\n<meta name=\"twitter:label1\" content=\"\u041f\u0440\u0438\u043c\u0435\u0440\u043d\u043e\u0435 \u0432\u0440\u0435\u043c\u044f \u0434\u043b\u044f \u0447\u0442\u0435\u043d\u0438\u044f\" \/>\n\t<meta name=\"twitter:data1\" content=\"3 \u043c\u0438\u043d\u0443\u0442\u044b\" \/>\n<script type=\"application\/ld+json\" class=\"yoast-schema-graph\">{\"@context\":\"https:\/\/schema.org\",\"@graph\":[{\"@type\":\"WebPage\",\"@id\":\"https:\/\/www.einfach-russisch.de\/ru\/widerrufsbelehrung\/\",\"url\":\"https:\/\/www.einfach-russisch.de\/ru\/widerrufsbelehrung\/\",\"name\":\"Widerrufsbelehrung - Einfach Russisch\",\"isPartOf\":{\"@id\":\"https:\/\/www.einfach-russisch.de\/ru\/#website\"},\"datePublished\":\"2019-11-21T20:20:23+00:00\",\"dateModified\":\"2024-03-24T09:42:51+00:00\",\"breadcrumb\":{\"@id\":\"https:\/\/www.einfach-russisch.de\/ru\/widerrufsbelehrung\/#breadcrumb\"},\"inLanguage\":\"ru-RU\",\"potentialAction\":[{\"@type\":\"ReadAction\",\"target\":[\"https:\/\/www.einfach-russisch.de\/ru\/widerrufsbelehrung\/\"]}]},{\"@type\":\"BreadcrumbList\",\"@id\":\"https:\/\/www.einfach-russisch.de\/ru\/widerrufsbelehrung\/#breadcrumb\",\"itemListElement\":[{\"@type\":\"ListItem\",\"position\":1,\"name\":\"Startseite\",\"item\":\"https:\/\/www.einfach-russisch.de\/ru\/%d0%b3%d0%bb%d0%b0%d0%b2%d0%bd%d0%b0%d1%8f\/\"},{\"@type\":\"ListItem\",\"position\":2,\"name\":\"Widerrufsbelehrung\"}]},{\"@type\":\"WebSite\",\"@id\":\"https:\/\/www.einfach-russisch.de\/ru\/#website\",\"url\":\"https:\/\/www.einfach-russisch.de\/ru\/\",\"name\":\"Einfach Russisch\",\"description\":\"Wir \u00fcbersetzen f\u00fcr Sie\",\"publisher\":{\"@id\":\"https:\/\/www.einfach-russisch.de\/ru\/#organization\"},\"potentialAction\":[{\"@type\":\"SearchAction\",\"target\":{\"@type\":\"EntryPoint\",\"urlTemplate\":\"https:\/\/www.einfach-russisch.de\/ru\/?s={search_term_string}\"},\"query-input\":{\"@type\":\"PropertyValueSpecification\",\"valueRequired\":true,\"valueName\":\"search_term_string\"}}],\"inLanguage\":\"ru-RU\"},{\"@type\":\"Organization\",\"@id\":\"https:\/\/www.einfach-russisch.de\/ru\/#organization\",\"name\":\"Einfach Russisch\",\"url\":\"https:\/\/www.einfach-russisch.de\/ru\/\",\"logo\":{\"@type\":\"ImageObject\",\"inLanguage\":\"ru-RU\",\"@id\":\"https:\/\/www.einfach-russisch.de\/ru\/#\/schema\/logo\/image\/\",\"url\":\"https:\/\/einfach-russisch.de\/wp-content\/uploads\/2019\/09\/De-60.png\",\"contentUrl\":\"https:\/\/einfach-russisch.de\/wp-content\/uploads\/2019\/09\/De-60.png\",\"width\":60,\"height\":60,\"caption\":\"Einfach Russisch\"},\"image\":{\"@id\":\"https:\/\/www.einfach-russisch.de\/ru\/#\/schema\/logo\/image\/\"},\"sameAs\":[\"https:\/\/www.facebook.com\/EinfachRussisch\/\",\"https:\/\/www.instagram.com\/einfachrussisch\/\",\"https:\/\/www.linkedin.com\/company\/einfach-russisch\/\"]}]}<\/script>\n<!-- \/ Yoast SEO plugin. -->","yoast_head_json":{"title":"Widerrufsbelehrung - Einfach Russisch","robots":{"index":"noindex","follow":"nofollow"},"og_locale":"ru_RU","og_type":"article","og_title":"Widerrufsbelehrung - Einfach Russisch","og_description":"Widerrufsbelehrung Widerrufsrecht f\u00fcr Verbraucher (Verbraucher ist jede nat\u00fcrliche Person, die ein Rechtsgesch\u00e4ft zu Zwecken abschlie\u00dft, die \u00fcberwiegend weder ihrer gewerblichen noch ihrer selbstst\u00e4ndigen beruflichen T\u00e4tigkeit zugerechnet werden kann.) Widerrufsbelehrung Widerrufsrecht Sie haben das Recht, binnen vierzehn Tagen ohne Angabe von Gr\u00fcnden diesen Vertrag zu widerrufen.Die Widerrufsfrist betr\u00e4gt vierzehn Tage ab dem Tag des Vertragsabschlusses. Um [&hellip;]","og_url":"https:\/\/www.einfach-russisch.de\/ru\/widerrufsbelehrung\/","og_site_name":"Einfach Russisch","article_publisher":"https:\/\/www.facebook.com\/EinfachRussisch\/","article_modified_time":"2024-03-24T09:42:51+00:00","twitter_misc":{"\u041f\u0440\u0438\u043c\u0435\u0440\u043d\u043e\u0435 \u0432\u0440\u0435\u043c\u044f \u0434\u043b\u044f \u0447\u0442\u0435\u043d\u0438\u044f":"3 \u043c\u0438\u043d\u0443\u0442\u044b"},"schema":{"@context":"https:\/\/schema.org","@graph":[{"@type":"WebPage","@id":"https:\/\/www.einfach-russisch.de\/ru\/widerrufsbelehrung\/","url":"https:\/\/www.einfach-russisch.de\/ru\/widerrufsbelehrung\/","name":"Widerrufsbelehrung - Einfach Russisch","isPartOf":{"@id":"https:\/\/www.einfach-russisch.de\/ru\/#website"},"datePublished":"2019-11-21T20:20:23+00:00","dateModified":"2024-03-24T09:42:51+00:00","breadcrumb":{"@id":"https:\/\/www.einfach-russisch.de\/ru\/widerrufsbelehrung\/#breadcrumb"},"inLanguage":"ru-RU","potentialAction":[{"@type":"ReadAction","target":["https:\/\/www.einfach-russisch.de\/ru\/widerrufsbelehrung\/"]}]},{"@type":"BreadcrumbList","@id":"https:\/\/www.einfach-russisch.de\/ru\/widerrufsbelehrung\/#breadcrumb","itemListElement":[{"@type":"ListItem","position":1,"name":"Startseite","item":"https:\/\/www.einfach-russisch.de\/ru\/%d0%b3%d0%bb%d0%b0%d0%b2%d0%bd%d0%b0%d1%8f\/"},{"@type":"ListItem","position":2,"name":"Widerrufsbelehrung"}]},{"@type":"WebSite","@id":"https:\/\/www.einfach-russisch.de\/ru\/#website","url":"https:\/\/www.einfach-russisch.de\/ru\/","name":"Einfach Russisch","description":"Wir \u00fcbersetzen f\u00fcr Sie","publisher":{"@id":"https:\/\/www.einfach-russisch.de\/ru\/#organization"},"potentialAction":[{"@type":"SearchAction","target":{"@type":"EntryPoint","urlTemplate":"https:\/\/www.einfach-russisch.de\/ru\/?s={search_term_string}"},"query-input":{"@type":"PropertyValueSpecification","valueRequired":true,"valueName":"search_term_string"}}],"inLanguage":"ru-RU"},{"@type":"Organization","@id":"https:\/\/www.einfach-russisch.de\/ru\/#organization","name":"Einfach Russisch","url":"https:\/\/www.einfach-russisch.de\/ru\/","logo":{"@type":"ImageObject","inLanguage":"ru-RU","@id":"https:\/\/www.einfach-russisch.de\/ru\/#\/schema\/logo\/image\/","url":"https:\/\/einfach-russisch.de\/wp-content\/uploads\/2019\/09\/De-60.png","contentUrl":"https:\/\/einfach-russisch.de\/wp-content\/uploads\/2019\/09\/De-60.png","width":60,"height":60,"caption":"Einfach Russisch"},"image":{"@id":"https:\/\/www.einfach-russisch.de\/ru\/#\/schema\/logo\/image\/"},"sameAs":["https:\/\/www.facebook.com\/EinfachRussisch\/","https:\/\/www.instagram.com\/einfachrussisch\/","https:\/\/www.linkedin.com\/company\/einfach-russisch\/"]}]}},"_links":{"self":[{"href":"https:\/\/www.einfach-russisch.de\/ru\/wp-json\/wp\/v2\/pages\/1985","targetHints":{"allow":["GET"]}}],"collection":[{"href":"https:\/\/www.einfach-russisch.de\/ru\/wp-json\/wp\/v2\/pages"}],"about":[{"href":"https:\/\/www.einfach-russisch.de\/ru\/wp-json\/wp\/v2\/types\/page"}],"author":[{"embeddable":true,"href":"https:\/\/www.einfach-russisch.de\/ru\/wp-json\/wp\/v2\/users\/1"}],"replies":[{"embeddable":true,"href":"https:\/\/www.einfach-russisch.de\/ru\/wp-json\/wp\/v2\/comments?post=1985"}],"version-history":[{"count":0,"href":"https:\/\/www.einfach-russisch.de\/ru\/wp-json\/wp\/v2\/pages\/1985\/revisions"}],"wp:attachment":[{"href":"https:\/\/www.einfach-russisch.de\/ru\/wp-json\/wp\/v2\/media?parent=1985"}],"curies":[{"name":"wp","href":"https:\/\/api.w.org\/{rel}","templated":true}]}}